{"id":387,"date":"2014-01-30T11:24:35","date_gmt":"2014-01-30T11:24:35","guid":{"rendered":"http:\/\/ecolavitalia.it\/sito\/?page_id=387"},"modified":"2016-10-07T16:41:54","modified_gmt":"2016-10-07T16:41:54","slug":"compra","status":"publish","type":"page","link":"https:\/\/ecolavitalia.it\/sito\/compra\/","title":{"rendered":"COMPRA"},"content":{"rendered":"<p>[vc_row][vc_column width=&#8221;1\/1&#8243;][vc_text_separator title=&#8221;ECOLAVITALIA \u00e8 anche shopping online!&#8221; title_align=&#8221;separator_align_center&#8221;][vc_column_text]<\/p>\n<p style=\"text-align: justify;\">Tra le principali novit\u00e0 di questo sito web anche la possibilit\u00e0 di comprare online i prodotti della categoria \u201cRISTORAZIONE\u201d.<\/p>\n<p style=\"text-align: justify;\">Acquistando online hai la sicurezza di rifornirti direttamente da uno dei tuoi fornitori preferiti e puoi farlo stando comodamente in ufficio.<\/p>\n<p style=\"text-align: justify;\">Una porta aperta sul mondo ECOLAVITALIA 24 ore al giorno, 7 giorni su 7, per soddisfare la tue necessit\u00e0 di spesa e guadagnare tempo prezioso.<\/p>\n<p style=\"text-align: justify;\">Il nostro impegno \u00e8 garantirti un\u2019esperienza di acquisto sempre pi\u00f9 appagante e personalizzata: in pochi clic potrai trovare il prodotto che cerchi accompagnato da una dettagliata parte descrittiva con le particolarit\u00e0 dell\u2019articolo scelto e relativa scheda tecnica.<\/p>\n<p style=\"text-align: justify;\">Non ci resta che augurati buono shopping!<\/p>\n<p>&nbsp;<\/p>\n","protected":false},"excerpt":{"rendered":"<p>[vc_row][vc_column width=&#8221;1\/1&#8243;][vc_text_separator title=&#8221;ECOLAVITALIA \u00e8 anche shopping online!&#8221; title_align=&#8221;separator_align_center&#8221;][vc_column_text] Tra le principali novit\u00e0 di questo sito web anche la possibilit\u00e0 di comprare online i prodotti della categoria \u201cRISTORAZIONE\u201d. Acquistando online hai la sicurezza di rifornirti direttamente da uno dei tuoi fornitori preferiti e puoi farlo stando comodamente in ufficio. Una porta aperta sul mondo ECOLAVITALIA 24&hellip;&nbsp;<a href=\"https:\/\/ecolavitalia.it\/sito\/compra\/\" rel=\"bookmark\">Leggi tutto &raquo;<span class=\"screen-reader-text\">COMPRA<\/span><\/a><\/p>\n","protected":false},"author":8,"featured_media":0,"parent":0,"menu_order":0,"comment_status":"open","ping_status":"closed","template":"","meta":{"_monsterinsights_skip_tracking":false,"_monsterinsights_sitenote_active":false,"_monsterinsights_sitenote_note":"","_monsterinsights_sitenote_category":0,"_uf_show_specific_survey":0,"_uf_disable_surveys":false,"neve_meta_sidebar":"","neve_meta_container":"","neve_meta_enable_content_width":"","neve_meta_content_width":0,"neve_meta_title_alignment":"","neve_meta_author_avatar":"","neve_post_elements_order":"","neve_meta_disable_header":"","neve_meta_disable_footer":"","neve_meta_disable_title":"","footnotes":""},"class_list":["post-387","page","type-page","status-publish","hentry"],"aioseo_notices":[],"_links":{"self":[{"href":"https:\/\/ecolavitalia.it\/sito\/wp-json\/wp\/v2\/pages\/387","targetHints":{"allow":["GET"]}}],"collection":[{"href":"https:\/\/ecolavitalia.it\/sito\/wp-json\/wp\/v2\/pages"}],"about":[{"href":"https:\/\/ecolavitalia.it\/sito\/wp-json\/wp\/v2\/types\/page"}],"author":[{"embeddable":true,"href":"https:\/\/ecolavitalia.it\/sito\/wp-json\/wp\/v2\/users\/8"}],"replies":[{"embeddable":true,"href":"https:\/\/ecolavitalia.it\/sito\/wp-json\/wp\/v2\/comments?post=387"}],"version-history":[{"count":13,"href":"https:\/\/ecolavitalia.it\/sito\/wp-json\/wp\/v2\/pages\/387\/revisions"}],"predecessor-version":[{"id":676,"href":"https:\/\/ecolavitalia.it\/sito\/wp-json\/wp\/v2\/pages\/387\/revisions\/676"}],"wp:attachment":[{"href":"https:\/\/ecolavitalia.it\/sito\/wp-json\/wp\/v2\/media?parent=387"}],"curies":[{"name":"wp","href":"https:\/\/api.w.org\/{rel}","templated":true}]}}