{"id":1533,"date":"2022-06-27T17:25:19","date_gmt":"2022-06-27T17:25:19","guid":{"rendered":"https:\/\/ecolavitalia.it\/sito\/?post_type=product&#038;p=1533"},"modified":"2022-06-27T17:25:19","modified_gmt":"2022-06-27T17:25:19","slug":"d1-sudore","status":"publish","type":"product","link":"https:\/\/ecolavitalia.it\/sito\/compra\/lavaggio-ad-acqua\/smacchiatori\/d1-sudore\/","title":{"rendered":"D1 Sudore"},"content":{"rendered":"<p>Smacchiatore specifico per macchie di sudore, cibo, salsa e cioccolato per tutti i tipi di lavaggio, da usare sia in pre-smacchiatura che in post-smacchiatura.<br \/>\nFormulato per abbinare rapidit\u00e0 di azione e rispetto dei tessuti e dei colori.<br \/>\nLe macchie di solito sono formate da diversi componenti perci\u00f2 spesso \u00e8 necessario utilizzare diversi prodotti per completare il processo di eliminazione delle macchie. Se si \u00e8 in dubbio sulla composizione della macchia iniziare con il D4 \u2013 Proteiche e non utilizzare il vapore per evitare che la macchia si fissi.<\/p>\n","protected":false},"excerpt":{"rendered":"<p>Smacchiatore specifico per macchie di sudore, cibo, salsa e cioccolato per tutti i tipi di lavaggio, da usare sia in pre-smacchiatura che in post-smacchiatura. Formulato per abbinare rapidit\u00e0 di azione e rispetto dei tessuti e dei colori. Le macchie di solito sono formate da diversi componenti perci\u00f2 spesso \u00e8 necessario utilizzare diversi prodotti per completare&hellip;&nbsp;<a href=\"https:\/\/ecolavitalia.it\/sito\/compra\/lavaggio-ad-acqua\/smacchiatori\/d1-sudore\/\" rel=\"bookmark\">Leggi tutto &raquo;<span class=\"screen-reader-text\">D1 Sudore<\/span><\/a><\/p>\n","protected":false},"featured_media":1534,"comment_status":"open","ping_status":"closed","template":"","meta":{"_monsterinsights_skip_tracking":false,"_monsterinsights_sitenote_active":false,"_monsterinsights_sitenote_note":"","_monsterinsights_sitenote_category":0,"_uf_show_specific_survey":0,"_uf_disable_surveys":false,"neve_meta_sidebar":"","neve_meta_container":"","neve_meta_enable_content_width":"off","neve_meta_content_width":100,"neve_meta_title_alignment":"","neve_meta_author_avatar":"","neve_post_elements_order":"","neve_meta_disable_header":"","neve_meta_disable_footer":"","neve_meta_disable_title":""},"product_brand":[],"product_cat":[81,73],"product_tag":[],"class_list":{"0":"post-1533","1":"product","2":"type-product","3":"status-publish","4":"has-post-thumbnail","6":"product_cat-smacchiatori","7":"product_cat-smacchiatori-secco","9":"first","10":"instock","11":"taxable","12":"shipping-taxable","13":"product-type-simple"},"aioseo_notices":[],"_links":{"self":[{"href":"https:\/\/ecolavitalia.it\/sito\/wp-json\/wp\/v2\/product\/1533","targetHints":{"allow":["GET"]}}],"collection":[{"href":"https:\/\/ecolavitalia.it\/sito\/wp-json\/wp\/v2\/product"}],"about":[{"href":"https:\/\/ecolavitalia.it\/sito\/wp-json\/wp\/v2\/types\/product"}],"replies":[{"embeddable":true,"href":"https:\/\/ecolavitalia.it\/sito\/wp-json\/wp\/v2\/comments?post=1533"}],"wp:featuredmedia":[{"embeddable":true,"href":"https:\/\/ecolavitalia.it\/sito\/wp-json\/wp\/v2\/media\/1534"}],"wp:attachment":[{"href":"https:\/\/ecolavitalia.it\/sito\/wp-json\/wp\/v2\/media?parent=1533"}],"wp:term":[{"taxonomy":"product_brand","embeddable":true,"href":"https:\/\/ecolavitalia.it\/sito\/wp-json\/wp\/v2\/product_brand?post=1533"},{"taxonomy":"product_cat","embeddable":true,"href":"https:\/\/ecolavitalia.it\/sito\/wp-json\/wp\/v2\/product_cat?post=1533"},{"taxonomy":"product_tag","embeddable":true,"href":"https:\/\/ecolavitalia.it\/sito\/wp-json\/wp\/v2\/product_tag?post=1533"}],"curies":[{"name":"wp","href":"https:\/\/api.w.org\/{rel}","templated":true}]}}