{"id":1592,"date":"2022-06-29T20:51:59","date_gmt":"2022-06-29T20:51:59","guid":{"rendered":"https:\/\/ecolavitalia.it\/sito\/?post_type=product&#038;p=1592"},"modified":"2022-06-29T20:51:59","modified_gmt":"2022-06-29T20:51:59","slug":"x9-degreaser","status":"publish","type":"product","link":"https:\/\/ecolavitalia.it\/sito\/compra\/lavaggio-ad-acqua\/additivi\/x9-degreaser\/","title":{"rendered":"X9 Degreaser"},"content":{"rendered":"<p>X9 Degreaser \u00e8 un detergente polivalente ma pu\u00f2 anche essere utilizzato come additivo di lavaggio con un detergente standard. \u00c8 l\u2019ideale per macchie difficili come autoabbronzante, impacchi di fango, cosmetici, lucido da scarpe, etc. Pu\u00f2 essere combinato con l\u2019OxOn, che rimuove la parte colorata delle macchie.<\/p>\n","protected":false},"excerpt":{"rendered":"<p>X9 Degreaser \u00e8 un detergente polivalente ma pu\u00f2 anche essere utilizzato come additivo di lavaggio con un detergente standard. \u00c8 l\u2019ideale per macchie difficili come autoabbronzante, impacchi di fango, cosmetici, lucido da scarpe, etc. Pu\u00f2 essere combinato con l\u2019OxOn, che rimuove la parte colorata delle macchie.<\/p>\n","protected":false},"featured_media":1593,"comment_status":"open","ping_status":"closed","template":"","meta":{"_monsterinsights_skip_tracking":false,"_monsterinsights_sitenote_active":false,"_monsterinsights_sitenote_note":"","_monsterinsights_sitenote_category":0,"_uf_show_specific_survey":0,"_uf_disable_surveys":false,"neve_meta_sidebar":"","neve_meta_container":"","neve_meta_enable_content_width":"off","neve_meta_content_width":100,"neve_meta_title_alignment":"","neve_meta_author_avatar":"","neve_post_elements_order":"","neve_meta_disable_header":"","neve_meta_disable_footer":"","neve_meta_disable_title":""},"product_brand":[],"product_cat":[78,76],"product_tag":[],"class_list":{"0":"post-1592","1":"product","2":"type-product","3":"status-publish","4":"has-post-thumbnail","6":"product_cat-additivi","7":"product_cat-detergenti","9":"first","10":"instock","11":"taxable","12":"shipping-taxable","13":"product-type-simple"},"aioseo_notices":[],"_links":{"self":[{"href":"https:\/\/ecolavitalia.it\/sito\/wp-json\/wp\/v2\/product\/1592","targetHints":{"allow":["GET"]}}],"collection":[{"href":"https:\/\/ecolavitalia.it\/sito\/wp-json\/wp\/v2\/product"}],"about":[{"href":"https:\/\/ecolavitalia.it\/sito\/wp-json\/wp\/v2\/types\/product"}],"replies":[{"embeddable":true,"href":"https:\/\/ecolavitalia.it\/sito\/wp-json\/wp\/v2\/comments?post=1592"}],"wp:featuredmedia":[{"embeddable":true,"href":"https:\/\/ecolavitalia.it\/sito\/wp-json\/wp\/v2\/media\/1593"}],"wp:attachment":[{"href":"https:\/\/ecolavitalia.it\/sito\/wp-json\/wp\/v2\/media?parent=1592"}],"wp:term":[{"taxonomy":"product_brand","embeddable":true,"href":"https:\/\/ecolavitalia.it\/sito\/wp-json\/wp\/v2\/product_brand?post=1592"},{"taxonomy":"product_cat","embeddable":true,"href":"https:\/\/ecolavitalia.it\/sito\/wp-json\/wp\/v2\/product_cat?post=1592"},{"taxonomy":"product_tag","embeddable":true,"href":"https:\/\/ecolavitalia.it\/sito\/wp-json\/wp\/v2\/product_tag?post=1592"}],"curies":[{"name":"wp","href":"https:\/\/api.w.org\/{rel}","templated":true}]}}