{"id":1604,"date":"2022-07-08T08:43:46","date_gmt":"2022-07-08T08:43:46","guid":{"rendered":"https:\/\/ecolavitalia.it\/sito\/?post_type=product&#038;p=1604"},"modified":"2022-07-08T08:43:46","modified_gmt":"2022-07-08T08:43:46","slug":"perfect","status":"publish","type":"product","link":"https:\/\/ecolavitalia.it\/sito\/compra\/lavaggio-ad-acqua\/detergenti\/perfect\/","title":{"rendered":"Perfect"},"content":{"rendered":"<p>PERFECT \u00e8 un detergente in polvere senza enzimi solo per uso professionale. Contiene un candeggiante a base di ossigeno ed \u00e8 ideale per tutte le temperature. L&#8217;agente sbiancante \u00e8 attivo gi\u00e0 a partire da 40\u00b0C. PERFECT \u00e8 senza fosfati ed \u00e8 ideale per la biancheria e per lavare sia i tessuti sintetici sia i tessuti in fibre naturali, jeans, magliette ecc.<\/p>\n","protected":false},"excerpt":{"rendered":"<p>PERFECT \u00e8 un detergente in polvere senza enzimi solo per uso professionale. Contiene un candeggiante a base di ossigeno ed \u00e8 ideale per tutte le temperature. L&#8217;agente sbiancante \u00e8 attivo gi\u00e0 a partire da 40\u00b0C. PERFECT \u00e8 senza fosfati ed \u00e8 ideale per la biancheria e per lavare sia i tessuti sintetici sia i tessuti&hellip;&nbsp;<a href=\"https:\/\/ecolavitalia.it\/sito\/compra\/lavaggio-ad-acqua\/detergenti\/perfect\/\" rel=\"bookmark\">Leggi tutto &raquo;<span class=\"screen-reader-text\">Perfect<\/span><\/a><\/p>\n","protected":false},"featured_media":1605,"comment_status":"open","ping_status":"closed","template":"","meta":{"_monsterinsights_skip_tracking":false,"_monsterinsights_sitenote_active":false,"_monsterinsights_sitenote_note":"","_monsterinsights_sitenote_category":0,"_uf_show_specific_survey":0,"_uf_disable_surveys":false,"neve_meta_sidebar":"","neve_meta_container":"","neve_meta_enable_content_width":"off","neve_meta_content_width":100,"neve_meta_title_alignment":"","neve_meta_author_avatar":"","neve_post_elements_order":"","neve_meta_disable_header":"","neve_meta_disable_footer":"","neve_meta_disable_title":""},"product_brand":[],"product_cat":[76],"product_tag":[],"class_list":{"0":"post-1604","1":"product","2":"type-product","3":"status-publish","4":"has-post-thumbnail","6":"product_cat-detergenti","8":"first","9":"instock","10":"taxable","11":"shipping-taxable","12":"product-type-simple"},"aioseo_notices":[],"_links":{"self":[{"href":"https:\/\/ecolavitalia.it\/sito\/wp-json\/wp\/v2\/product\/1604","targetHints":{"allow":["GET"]}}],"collection":[{"href":"https:\/\/ecolavitalia.it\/sito\/wp-json\/wp\/v2\/product"}],"about":[{"href":"https:\/\/ecolavitalia.it\/sito\/wp-json\/wp\/v2\/types\/product"}],"replies":[{"embeddable":true,"href":"https:\/\/ecolavitalia.it\/sito\/wp-json\/wp\/v2\/comments?post=1604"}],"wp:featuredmedia":[{"embeddable":true,"href":"https:\/\/ecolavitalia.it\/sito\/wp-json\/wp\/v2\/media\/1605"}],"wp:attachment":[{"href":"https:\/\/ecolavitalia.it\/sito\/wp-json\/wp\/v2\/media?parent=1604"}],"wp:term":[{"taxonomy":"product_brand","embeddable":true,"href":"https:\/\/ecolavitalia.it\/sito\/wp-json\/wp\/v2\/product_brand?post=1604"},{"taxonomy":"product_cat","embeddable":true,"href":"https:\/\/ecolavitalia.it\/sito\/wp-json\/wp\/v2\/product_cat?post=1604"},{"taxonomy":"product_tag","embeddable":true,"href":"https:\/\/ecolavitalia.it\/sito\/wp-json\/wp\/v2\/product_tag?post=1604"}],"curies":[{"name":"wp","href":"https:\/\/api.w.org\/{rel}","templated":true}]}}