{"id":1829,"date":"2022-07-09T10:20:34","date_gmt":"2022-07-09T10:20:34","guid":{"rendered":"https:\/\/ecolavitalia.it\/sito\/?post_type=product&#038;p=1829"},"modified":"2024-07-03T12:49:39","modified_gmt":"2024-07-03T12:49:39","slug":"cartuccia-corazzata-mini-2r","status":"publish","type":"product","link":"https:\/\/ecolavitalia.it\/sito\/compra\/accessori\/filtri\/cartuccia-corazzata-mini-2r\/","title":{"rendered":"Cartuccia corazzata MINI 2R"},"content":{"rendered":"<p>Cartuccia corazzata MINI 2R. Nelle macchine di lavaggio a secco vengono utilizzati solventi ad alto potere detergente.<\/p>\n<p>Poich\u00e9 dopo pi\u00f9 cicli di lavaggio, questi solventi perdono gran parte della loro efficacia \u00e8\u00a0necessario rigenerarli eliminando il grasso, il calore e le impurit\u00e0 in sospensione. Le cartucce sono composte da:<\/p>\n<p>-setto filtrante in carta pieghettata<br \/>\n-argilla e sepiolite<br \/>\n-carbone attivo vegetale<\/p>\n<p>La solida struttura in lamiera zincata e i severi collaudi a cui sono sottoposti gli elementi filtranti, garantiscono l&#8217;efficienza raccomandata dalle pi\u00f9 importanti case costruttrici di macchine per il lavaggio a secco.<\/p>\n","protected":false},"excerpt":{"rendered":"<p>Cartuccia corazzata MINI 2R. Nelle macchine di lavaggio a secco vengono utilizzati solventi ad alto potere detergente. Poich\u00e9 dopo pi\u00f9 cicli di lavaggio, questi solventi perdono gran parte della loro efficacia \u00e8\u00a0necessario rigenerarli eliminando il grasso, il calore e le impurit\u00e0 in sospensione. Le cartucce sono composte da: -setto filtrante in carta pieghettata -argilla e&hellip;&nbsp;<a href=\"https:\/\/ecolavitalia.it\/sito\/compra\/accessori\/filtri\/cartuccia-corazzata-mini-2r\/\" rel=\"bookmark\">Leggi tutto &raquo;<span class=\"screen-reader-text\">Cartuccia corazzata MINI 2R<\/span><\/a><\/p>\n","protected":false},"featured_media":1830,"comment_status":"open","ping_status":"closed","template":"","meta":{"_monsterinsights_skip_tracking":false,"_monsterinsights_sitenote_active":false,"_monsterinsights_sitenote_note":"","_monsterinsights_sitenote_category":0,"_uf_show_specific_survey":0,"_uf_disable_surveys":false,"neve_meta_sidebar":"","neve_meta_container":"","neve_meta_enable_content_width":"off","neve_meta_content_width":100,"neve_meta_title_alignment":"","neve_meta_author_avatar":"","neve_post_elements_order":"","neve_meta_disable_header":"","neve_meta_disable_footer":"","neve_meta_disable_title":""},"product_brand":[],"product_cat":[153],"product_tag":[],"class_list":{"0":"post-1829","1":"product","2":"type-product","3":"status-publish","4":"has-post-thumbnail","6":"product_cat-filtri","8":"first","9":"instock","10":"taxable","11":"shipping-taxable","12":"product-type-simple"},"aioseo_notices":[],"_links":{"self":[{"href":"https:\/\/ecolavitalia.it\/sito\/wp-json\/wp\/v2\/product\/1829","targetHints":{"allow":["GET"]}}],"collection":[{"href":"https:\/\/ecolavitalia.it\/sito\/wp-json\/wp\/v2\/product"}],"about":[{"href":"https:\/\/ecolavitalia.it\/sito\/wp-json\/wp\/v2\/types\/product"}],"replies":[{"embeddable":true,"href":"https:\/\/ecolavitalia.it\/sito\/wp-json\/wp\/v2\/comments?post=1829"}],"wp:featuredmedia":[{"embeddable":true,"href":"https:\/\/ecolavitalia.it\/sito\/wp-json\/wp\/v2\/media\/1830"}],"wp:attachment":[{"href":"https:\/\/ecolavitalia.it\/sito\/wp-json\/wp\/v2\/media?parent=1829"}],"wp:term":[{"taxonomy":"product_brand","embeddable":true,"href":"https:\/\/ecolavitalia.it\/sito\/wp-json\/wp\/v2\/product_brand?post=1829"},{"taxonomy":"product_cat","embeddable":true,"href":"https:\/\/ecolavitalia.it\/sito\/wp-json\/wp\/v2\/product_cat?post=1829"},{"taxonomy":"product_tag","embeddable":true,"href":"https:\/\/ecolavitalia.it\/sito\/wp-json\/wp\/v2\/product_tag?post=1829"}],"curies":[{"name":"wp","href":"https:\/\/api.w.org\/{rel}","templated":true}]}}